{"id":83,"date":"2020-06-15T08:03:39","date_gmt":"2020-06-15T08:03:39","guid":{"rendered":"http:\/\/ipasbcity.de\/?page_id=83"},"modified":"2025-06-08T09:55:47","modified_gmt":"2025-06-08T09:55:47","slug":"die-ipa-sb-city","status":"publish","type":"page","link":"https:\/\/ipasbcity.de\/?page_id=83","title":{"rendered":"Die IPA SB City"},"content":{"rendered":"\n<h2 class=\"wp-block-heading\">Saarbr\u00fccken City<\/h2>\n\n\n\n<p>Die Ipa Saarbr\u00fccken City hat derzeit rund 280 Mitglieder. In K\u00fcrze stellen wir auf dieser Seite unseren Vorstand vor und geben Ihnen Ansprechpartner an die Hand.<\/p>\n\n\n\n<p>Sie erreichen uns \u00fcber unsere Email-Adresse ipasbcity@gmx.de oder sprechen einfach eines unserer Mitglieder an.<\/p>\n\n\n\n<h2 class=\"wp-block-heading\">Vorstand<\/h2>\n\n\n\n<p>Verbindungsstellenleiter: Michael Zapp<\/p>\n\n\n\n<p>Sekret\u00e4re: Christoph Gro\u00df und Torsten Jahn<\/p>\n\n\n\n<p>Schatzmeisterin: Annika Paquet<\/p>\n\n\n\n<p>Beisitzer: Rolf Knickrehm, Norbert Rupp, Wencke Bohnenberger, Lea Mergener, Bernd Speicher, Bernd Kimmling,  Andrea Kern, Anna Schieber, Fred Schr\u00f6der, Markus Noh, Werner Fechler, Herbert Risch, Franz-Josef Scholl<\/p>\n\n\n\n<p><\/p>\n","protected":false},"excerpt":{"rendered":"<p>Saarbr\u00fccken City Die Ipa Saarbr\u00fccken City hat derzeit rund 280 Mitglieder. In K\u00fcrze stellen wir auf dieser Seite unseren Vorstand vor und geben Ihnen Ansprechpartner an die Hand. Sie erreichen uns \u00fcber unsere Email-Adresse ipasbcity@gmx.de oder sprechen einfach eines unserer Mitglieder an. Vorstand Verbindungsstellenleiter: Michael Zapp Sekret\u00e4re: Christoph Gro\u00df und Torsten Jahn Schatzmeisterin: Annika Paquet [&hellip;]<\/p>\n","protected":false},"author":1,"featured_media":0,"parent":0,"menu_order":3,"comment_status":"closed","ping_status":"closed","template":"","meta":{"footnotes":""},"class_list":["post-83","page","type-page","status-publish","hentry"],"_links":{"self":[{"href":"https:\/\/ipasbcity.de\/index.php?rest_route=\/wp\/v2\/pages\/83","targetHints":{"allow":["GET"]}}],"collection":[{"href":"https:\/\/ipasbcity.de\/index.php?rest_route=\/wp\/v2\/pages"}],"about":[{"href":"https:\/\/ipasbcity.de\/index.php?rest_route=\/wp\/v2\/types\/page"}],"author":[{"embeddable":true,"href":"https:\/\/ipasbcity.de\/index.php?rest_route=\/wp\/v2\/users\/1"}],"replies":[{"embeddable":true,"href":"https:\/\/ipasbcity.de\/index.php?rest_route=%2Fwp%2Fv2%2Fcomments&post=83"}],"version-history":[{"count":6,"href":"https:\/\/ipasbcity.de\/index.php?rest_route=\/wp\/v2\/pages\/83\/revisions"}],"predecessor-version":[{"id":203,"href":"https:\/\/ipasbcity.de\/index.php?rest_route=\/wp\/v2\/pages\/83\/revisions\/203"}],"wp:attachment":[{"href":"https:\/\/ipasbcity.de\/index.php?rest_route=%2Fwp%2Fv2%2Fmedia&parent=83"}],"curies":[{"name":"wp","href":"https:\/\/api.w.org\/{rel}","templated":true}]}}