{"id":33,"date":"2020-06-13T07:21:43","date_gmt":"2020-06-13T07:21:43","guid":{"rendered":"http:\/\/ipasbcity.de\/?page_id=33"},"modified":"2020-06-15T08:04:09","modified_gmt":"2020-06-15T08:04:09","slug":"die-ipa","status":"publish","type":"page","link":"https:\/\/ipasbcity.de\/?page_id=33","title":{"rendered":"Die Ipa"},"content":{"rendered":"\n<h2 class=\"wp-block-heading\">Die International Police Association (IPA) ist\u2026.<\/h2>\n\n\n\n<ul class=\"wp-block-list\"><li>der politisch und gewerkschaftlich unabh\u00e4ngige Zusammenschlu\u00df von Angeh\u00f6rigen des Polizeidienstes, ohne Unterschied von Rang, Geschlecht, Rasse, Hautfarbe, Sprache oder Religion<\/li><li>als gr\u00f6\u00dfte Berufsvereinigung der Welt mit ann\u00e4hernd 360.000 Mitgliedern in derzeit 68 Staaten vertreten. Sie hat beratenden Status beim Wirtschafts- und Sozialrat der Vereinten Nationen und im Europarat<\/li><li>in ihren Statuten zur Einhaltung der Grunds\u00e4tze der Menschenrechte verpflichtet, so wie sie im Jahr 1948 von den&nbsp;Vereinten Nationen erkl\u00e4rt&nbsp;wurden. Es ist ihre Absicht, Bande der Freundschaft und der Zusammenarbeit zwischen ihren Mitgliedern und den Mitgliedssektionen zu schaffen.<\/li><\/ul>\n\n\n\n<p>Auf Grund ihres Zweckes und ihrer Ziele ist die IPA seit dem 25. Juli 1977 beim Europarat und seit dem 26. Juli 1995 bei den Vereinten Nationen mit beratendem Status in der Liste der nichtstaatlichen internationalen Organisationen registriert.<\/p>\n","protected":false},"excerpt":{"rendered":"<p>Die International Police Association (IPA) ist\u2026. der politisch und gewerkschaftlich unabh\u00e4ngige Zusammenschlu\u00df von Angeh\u00f6rigen des Polizeidienstes, ohne Unterschied von Rang, Geschlecht, Rasse, Hautfarbe, Sprache oder Religion als gr\u00f6\u00dfte Berufsvereinigung der Welt mit ann\u00e4hernd 360.000 Mitgliedern in derzeit 68 Staaten vertreten. Sie hat beratenden Status beim Wirtschafts- und Sozialrat der Vereinten Nationen und im Europarat in [&hellip;]<\/p>\n","protected":false},"author":1,"featured_media":0,"parent":0,"menu_order":2,"comment_status":"closed","ping_status":"closed","template":"","meta":{"footnotes":""},"class_list":["post-33","page","type-page","status-publish","hentry"],"_links":{"self":[{"href":"https:\/\/ipasbcity.de\/index.php?rest_route=\/wp\/v2\/pages\/33","targetHints":{"allow":["GET"]}}],"collection":[{"href":"https:\/\/ipasbcity.de\/index.php?rest_route=\/wp\/v2\/pages"}],"about":[{"href":"https:\/\/ipasbcity.de\/index.php?rest_route=\/wp\/v2\/types\/page"}],"author":[{"embeddable":true,"href":"https:\/\/ipasbcity.de\/index.php?rest_route=\/wp\/v2\/users\/1"}],"replies":[{"embeddable":true,"href":"https:\/\/ipasbcity.de\/index.php?rest_route=%2Fwp%2Fv2%2Fcomments&post=33"}],"version-history":[{"count":7,"href":"https:\/\/ipasbcity.de\/index.php?rest_route=\/wp\/v2\/pages\/33\/revisions"}],"predecessor-version":[{"id":85,"href":"https:\/\/ipasbcity.de\/index.php?rest_route=\/wp\/v2\/pages\/33\/revisions\/85"}],"wp:attachment":[{"href":"https:\/\/ipasbcity.de\/index.php?rest_route=%2Fwp%2Fv2%2Fmedia&parent=33"}],"curies":[{"name":"wp","href":"https:\/\/api.w.org\/{rel}","templated":true}]}}