{"id":31,"date":"2020-06-13T07:19:38","date_gmt":"2020-06-13T07:19:38","guid":{"rendered":"http:\/\/ipasbcity.de\/?page_id=31"},"modified":"2020-06-14T13:04:27","modified_gmt":"2020-06-14T13:04:27","slug":"mitgliedschaft","status":"publish","type":"page","link":"https:\/\/ipasbcity.de\/?page_id=31","title":{"rendered":"Mitgliedschaft"},"content":{"rendered":"\n<h2 class=\"wp-block-heading\">Wie werde ich Mitglied?<\/h2>\n\n\n\n<p>Um Mitglied zu werden ben\u00f6tigen sie den <strong>Aufnahmeantrag<\/strong>. Den Aufnahmeantrag werden wir in K\u00fcrze hier zur Verf\u00fcgung stellen. Bis dahin sprechen sie einfach eines unserer Mitglieder an und man wird Ihnen den Antrag zur Verf\u00fcgung stellen. Anschlie\u00dfend den Antrag ausf\u00fcllen und unterschrieben bei ihrer Verbindungsstelle abgeben bzw. per Post senden. <strong>Der Mitgliedsbeitrag betr\u00e4gt \u20ac 30,\u2013 pro Jahr. Er wird j\u00e4hrlich von den Verbindungsstellen erhoben.<\/strong><\/p>\n\n\n\n<p><strong>Voraussetzungen:<\/strong> Ordentliches Mitglied kann jeder Polizeibedienstete (Beamte, Angestellte und Arbeiter) der im aktiven Dienst, ausschlie\u00dflich solcher Beh\u00f6rden und Einrichtungen steht, die polizeiliche Aufgaben erf\u00fcllen. \u00dcber die Aufnahme entscheidet der Gesch\u00e4ftsf\u00fchrende Verbindungsstellen-Vorstand. Die Mitglieder k\u00f6nnen die Verbindungsstelle der sie beitreten wollen, frei w\u00e4hlen. Aufnahmeantr\u00e4ge erhalten Sie bei allen Vorstandsmitgliedern und Beisitzern. Polizeibedienstete im Ruhestand k\u00f6nnen die ordentliche Mitgliedschaft unter der Voraussetzung und nur so lange erwerben und beibehalten, wie eine etwaige berufliche T\u00e4tigkeit dem Zweck, den Zielen und dem Neutralit\u00e4tsgebot der IPA nicht im Wege steht. Eine Aufnahmegeb\u00fchr wird nicht erhoben. Jedes Mitglied erh\u00e4lt eine Membership Card und eine Auto-Vignette. Sie sind ein Jahr g\u00fcltig.Die vom Bundesvorstand herausgegebene Zeitschrift \u201eIPA aktuell\u201c erscheint 4mal j\u00e4hrlich und ist die offizielle Informations- und Mitteilungszeitschrift der Deutschen Sektion.<\/p>\n","protected":false},"excerpt":{"rendered":"<p>Wie werde ich Mitglied? Um Mitglied zu werden ben\u00f6tigen sie den Aufnahmeantrag. Den Aufnahmeantrag werden wir in K\u00fcrze hier zur Verf\u00fcgung stellen. Bis dahin sprechen sie einfach eines unserer Mitglieder an und man wird Ihnen den Antrag zur Verf\u00fcgung stellen. Anschlie\u00dfend den Antrag ausf\u00fcllen und unterschrieben bei ihrer Verbindungsstelle abgeben bzw. per Post senden. Der [&hellip;]<\/p>\n","protected":false},"author":1,"featured_media":0,"parent":0,"menu_order":4,"comment_status":"closed","ping_status":"closed","template":"","meta":{"footnotes":""},"class_list":["post-31","page","type-page","status-publish","hentry"],"_links":{"self":[{"href":"https:\/\/ipasbcity.de\/index.php?rest_route=\/wp\/v2\/pages\/31","targetHints":{"allow":["GET"]}}],"collection":[{"href":"https:\/\/ipasbcity.de\/index.php?rest_route=\/wp\/v2\/pages"}],"about":[{"href":"https:\/\/ipasbcity.de\/index.php?rest_route=\/wp\/v2\/types\/page"}],"author":[{"embeddable":true,"href":"https:\/\/ipasbcity.de\/index.php?rest_route=\/wp\/v2\/users\/1"}],"replies":[{"embeddable":true,"href":"https:\/\/ipasbcity.de\/index.php?rest_route=%2Fwp%2Fv2%2Fcomments&post=31"}],"version-history":[{"count":2,"href":"https:\/\/ipasbcity.de\/index.php?rest_route=\/wp\/v2\/pages\/31\/revisions"}],"predecessor-version":[{"id":64,"href":"https:\/\/ipasbcity.de\/index.php?rest_route=\/wp\/v2\/pages\/31\/revisions\/64"}],"wp:attachment":[{"href":"https:\/\/ipasbcity.de\/index.php?rest_route=%2Fwp%2Fv2%2Fmedia&parent=31"}],"curies":[{"name":"wp","href":"https:\/\/api.w.org\/{rel}","templated":true}]}}